{"id":5587,"date":"2025-08-13T12:16:19","date_gmt":"2025-08-13T15:16:19","guid":{"rendered":"https:\/\/radiobellavista.ar\/?page_id=5587"},"modified":"2025-08-13T13:06:35","modified_gmt":"2025-08-13T16:06:35","slug":"cuidado-de-adultos-mayores","status":"publish","type":"page","link":"https:\/\/radiobellavista.ar\/?page_id=5587","title":{"rendered":"Cuidado de Adultos Mayores"},"content":{"rendered":"\n<div class=\"wp-block-media-text is-stacked-on-mobile\" style=\"grid-template-columns:23% auto\"><figure class=\"wp-block-media-text__media\"><img data-recalc-dims=\"1\" loading=\"lazy\" decoding=\"async\" width=\"656\" height=\"920\" data-attachment-id=\"5588\" data-permalink=\"https:\/\/radiobellavista.ar\/?attachment_id=5588\" data-orig-file=\"https:\/\/i0.wp.com\/radiobellavista.ar\/wp-content\/uploads\/2025\/08\/cuidado-de-adultos.jpg?fit=720%2C1010&amp;ssl=1\" data-orig-size=\"720,1010\" data-comments-opened=\"1\" data-image-meta=\"{&quot;aperture&quot;:&quot;0&quot;,&quot;credit&quot;:&quot;&quot;,&quot;camera&quot;:&quot;&quot;,&quot;caption&quot;:&quot;&quot;,&quot;created_timestamp&quot;:&quot;0&quot;,&quot;copyright&quot;:&quot;&quot;,&quot;focal_length&quot;:&quot;0&quot;,&quot;iso&quot;:&quot;0&quot;,&quot;shutter_speed&quot;:&quot;0&quot;,&quot;title&quot;:&quot;&quot;,&quot;orientation&quot;:&quot;0&quot;}\" data-image-title=\"cuidado de adultos\" data-image-description=\"\" data-image-caption=\"\" data-medium-file=\"https:\/\/i0.wp.com\/radiobellavista.ar\/wp-content\/uploads\/2025\/08\/cuidado-de-adultos.jpg?fit=214%2C300&amp;ssl=1\" data-large-file=\"https:\/\/i0.wp.com\/radiobellavista.ar\/wp-content\/uploads\/2025\/08\/cuidado-de-adultos.jpg?fit=656%2C920&amp;ssl=1\" src=\"https:\/\/i0.wp.com\/radiobellavista.ar\/wp-content\/uploads\/2025\/08\/cuidado-de-adultos.jpg?resize=656%2C920&#038;ssl=1\" alt=\"\" class=\"wp-image-5588 size-full\"\/><\/figure><div class=\"wp-block-media-text__content\">\n<p class=\"has-text-align-center has-black-color has-text-color has-link-color has-medium-font-size wp-elements-94f908a12aed3debef0388556e23f8bb\"><strong>Claudia Lopez<\/strong>. <em> Excelencia en cuidados domiciliarios. Servicio especializado en personas mayores.  Las 24 hora<\/em>s<\/p>\n<\/div><\/div>\n\n\n\n<div class=\"wp-block-jetpack-send-a-message\">\n<div class=\"wp-block-jetpack-whatsapp-button aligncenter is-color-dark\"><a class=\"whatsapp-block__button\" href=\"https:\/\/api.whatsapp.com\/send?phone=541121938362&amp;text=Hola%2C%20Podr%C3%ADan%20darme%20mas%20informaci%C3%B3n%20del%20Servicio.\" style=\"background-color:#25D366;color:#fff\" target=\"_blank\" rel=\"noopener noreferrer\">Realiza tu Consulta <\/a><\/div>\n<\/div>\n\n\n\n<div class=\"wp-block-jetpack-send-a-message\"><\/div>\n\n\n\n<p><\/p>\n","protected":false},"excerpt":{"rendered":"<p>Excelencia en cuidados domiciliarios. Servicio especializado en personas mayores.  Las 24 horas<\/p>\n","protected":false},"author":1,"featured_media":0,"parent":4897,"menu_order":0,"comment_status":"closed","ping_status":"closed","template":"","meta":{"_eb_attr":"","advanced_seo_description":"","jetpack_seo_html_title":"","jetpack_seo_noindex":false,"_joinchat":[],"footnotes":""},"class_list":["post-5587","page","type-page","status-publish","hentry"],"jetpack_sharing_enabled":true,"jetpack-related-posts":[{"id":3065,"url":"https:\/\/radiobellavista.ar\/?page_id=3065","url_meta":{"origin":5587,"position":0},"title":"Todas las Noticias","author":"Administrador","date":"8 de noviembre de 2021","format":false,"excerpt":"Todas las Noticicias","rel":"","context":"Entrada similar","block_context":{"text":"Entrada similar","link":""},"img":{"alt_text":"","src":"https:\/\/i0.wp.com\/radiobellavista.ar\/wp-content\/uploads\/2024\/10\/telam.jpeg?resize=350%2C200&ssl=1","width":350,"height":200},"classes":[]},{"id":4339,"url":"https:\/\/radiobellavista.ar\/?page_id=4339","url_meta":{"origin":5587,"position":1},"title":"Centros de Atenci\u00f3n Especializada","author":"Administrador","date":"7 de abril de 2024","format":false,"excerpt":"Centro Odontol\u00f3gico \u2013 CAPS M. AntoniazziIrigoin 4410 Barrio Sarmiento6091-7100 int 4814 Hospital Oftalmol\u00f3gico \u2013 Odontol\u00f3gico Central de San MiguelAv. Pte. Per\u00f3n 403 esq. Alberdi Mu\u00f1iz4664-0658 (Odontolog\u00eda) 4664-0371 (Oftalmolog\u00eda)De Lun a vier 08 a 16 hs Hospital Oftalmol\u00f3gico Municipal Mons. BarbichMTRO. FERREYRA 1791 ESQ ESPA\u00d1A Parque la Gloria4465-5552De Lun a vier\u2026","rel":"","context":"Entrada similar","block_context":{"text":"Entrada similar","link":""},"img":{"alt_text":"","src":"","width":0,"height":0},"classes":[]},{"id":4957,"url":"https:\/\/radiobellavista.ar\/?page_id=4957","url_meta":{"origin":5587,"position":2},"title":"Carnicer\u00eda &#8211; Polleria","author":"Administrador","date":"1 de agosto de 2024","format":false,"excerpt":"Carnicer\u00eda T\u00e1mara calidad, y excelentes precios. En Carnes de Ternera, pollos de campo, Lech\u00f3n, Chivitos y Achuras. No podes dejar de comprar en Carnicer\u00eda T\u00e1mara. Te esperamos en Tucum\u00e1n 799 Bella Vista, Tel\u00e9fono 11 4668-4511","rel":"","context":"Entrada similar","block_context":{"text":"Entrada similar","link":""},"img":{"alt_text":"","src":"https:\/\/i0.wp.com\/radiobellavista.ar\/wp-content\/uploads\/2024\/08\/Caniceria-Tamara-1.png?resize=350%2C200&ssl=1","width":350,"height":200,"srcset":"https:\/\/i0.wp.com\/radiobellavista.ar\/wp-content\/uploads\/2024\/08\/Caniceria-Tamara-1.png?resize=350%2C200&ssl=1 1x, https:\/\/i0.wp.com\/radiobellavista.ar\/wp-content\/uploads\/2024\/08\/Caniceria-Tamara-1.png?resize=525%2C300&ssl=1 1.5x"},"classes":[]},{"id":4963,"url":"https:\/\/radiobellavista.ar\/?page_id=4963","url_meta":{"origin":5587,"position":3},"title":"Librer\u00eda &#8211; Cotillon","author":"Administrador","date":"1 de agosto de 2024","format":false,"excerpt":"Librer\u00eda y Kiosco Cale \u00a0Tenemos para vos, carpetas, cartucheras, cuadernos, Fotocopias de excelente calidad, impresiones y mucha, mucha experiencia Para asesorarte. Te esperamos en Avenida Mattaldi 841 bella Vista. Hace tu consulta al Tel\u00e9fono 11 2388-3183","rel":"","context":"Entrada similar","block_context":{"text":"Entrada similar","link":""},"img":{"alt_text":"","src":"https:\/\/i0.wp.com\/radiobellavista.ar\/wp-content\/uploads\/2024\/08\/Libreria-Cale.png?resize=350%2C200&ssl=1","width":350,"height":200,"srcset":"https:\/\/i0.wp.com\/radiobellavista.ar\/wp-content\/uploads\/2024\/08\/Libreria-Cale.png?resize=350%2C200&ssl=1 1x, https:\/\/i0.wp.com\/radiobellavista.ar\/wp-content\/uploads\/2024\/08\/Libreria-Cale.png?resize=525%2C300&ssl=1 1.5x, https:\/\/i0.wp.com\/radiobellavista.ar\/wp-content\/uploads\/2024\/08\/Libreria-Cale.png?resize=700%2C400&ssl=1 2x, https:\/\/i0.wp.com\/radiobellavista.ar\/wp-content\/uploads\/2024\/08\/Libreria-Cale.png?resize=1050%2C600&ssl=1 3x"},"classes":[]},{"id":4857,"url":"https:\/\/radiobellavista.ar\/?page_id=4857","url_meta":{"origin":5587,"position":4},"title":"Comunidad RadioBellaVista.","author":"Administrador","date":"31 de julio de 2024","format":false,"excerpt":"RadioBellaVista con motivo de ayudar a nuestra comunidad generamos este Espacio. Si sos due\u00f1o de un Comercio.Podes darte de alta enviando un WhatsApp con tus datos al 11 3805-2424 Centro de est\u00e9tica Silvia di Benedetto masajes descontracturantes, relajantes, dermopigmentacion en cejas ojos y labios. Avenida Mattaldi 998 , Bella Vista\u2026","rel":"","context":"Entrada similar","block_context":{"text":"Entrada similar","link":""},"img":{"alt_text":"","src":"https:\/\/i0.wp.com\/radiobellavista.ar\/wp-content\/uploads\/2024\/08\/mi-bella-mandolina.jpg?resize=350%2C200&ssl=1","width":350,"height":200,"srcset":"https:\/\/i0.wp.com\/radiobellavista.ar\/wp-content\/uploads\/2024\/08\/mi-bella-mandolina.jpg?resize=350%2C200&ssl=1 1x, https:\/\/i0.wp.com\/radiobellavista.ar\/wp-content\/uploads\/2024\/08\/mi-bella-mandolina.jpg?resize=525%2C300&ssl=1 1.5x, https:\/\/i0.wp.com\/radiobellavista.ar\/wp-content\/uploads\/2024\/08\/mi-bella-mandolina.jpg?resize=700%2C400&ssl=1 2x"},"classes":[]},{"id":5106,"url":"https:\/\/radiobellavista.ar\/?page_id=5106","url_meta":{"origin":5587,"position":5},"title":"Homenaje a los H\u00e9roes del Ara Gral Belgrano","author":"Administrador","date":"22 de agosto de 2024","format":false,"excerpt":"[player id='5105'] 2 de Mayo 1982 Lat 55\u00ba 24\u00b4S Long 61\u00ba 32\u00b4W 17:00Es Preferible Irse a Pique Antes que Rendir el Pabell\u00f3n.Gloria y Honor a Nuestros H\u00e9roes","rel":"","context":"Entrada similar","block_context":{"text":"Entrada similar","link":""},"img":{"alt_text":"","src":"https:\/\/i0.wp.com\/radiobellavista.ar\/wp-content\/uploads\/2024\/08\/ARA-Gral-Belgrano.webp?resize=350%2C200&ssl=1","width":350,"height":200,"srcset":"https:\/\/i0.wp.com\/radiobellavista.ar\/wp-content\/uploads\/2024\/08\/ARA-Gral-Belgrano.webp?resize=350%2C200&ssl=1 1x, https:\/\/i0.wp.com\/radiobellavista.ar\/wp-content\/uploads\/2024\/08\/ARA-Gral-Belgrano.webp?resize=525%2C300&ssl=1 1.5x, https:\/\/i0.wp.com\/radiobellavista.ar\/wp-content\/uploads\/2024\/08\/ARA-Gral-Belgrano.webp?resize=700%2C400&ssl=1 2x, https:\/\/i0.wp.com\/radiobellavista.ar\/wp-content\/uploads\/2024\/08\/ARA-Gral-Belgrano.webp?resize=1050%2C600&ssl=1 3x"},"classes":[]}],"jetpack_shortlink":"https:\/\/wp.me\/PeQ3Wf-1s7","_links":{"self":[{"href":"https:\/\/radiobellavista.ar\/index.php?rest_route=\/wp\/v2\/pages\/5587","targetHints":{"allow":["GET"]}}],"collection":[{"href":"https:\/\/radiobellavista.ar\/index.php?rest_route=\/wp\/v2\/pages"}],"about":[{"href":"https:\/\/radiobellavista.ar\/index.php?rest_route=\/wp\/v2\/types\/page"}],"author":[{"embeddable":true,"href":"https:\/\/radiobellavista.ar\/index.php?rest_route=\/wp\/v2\/users\/1"}],"replies":[{"embeddable":true,"href":"https:\/\/radiobellavista.ar\/index.php?rest_route=%2Fwp%2Fv2%2Fcomments&post=5587"}],"version-history":[{"count":8,"href":"https:\/\/radiobellavista.ar\/index.php?rest_route=\/wp\/v2\/pages\/5587\/revisions"}],"predecessor-version":[{"id":5599,"href":"https:\/\/radiobellavista.ar\/index.php?rest_route=\/wp\/v2\/pages\/5587\/revisions\/5599"}],"up":[{"embeddable":true,"href":"https:\/\/radiobellavista.ar\/index.php?rest_route=\/wp\/v2\/pages\/4897"}],"wp:attachment":[{"href":"https:\/\/radiobellavista.ar\/index.php?rest_route=%2Fwp%2Fv2%2Fmedia&parent=5587"}],"curies":[{"name":"wp","href":"https:\/\/api.w.org\/{rel}","templated":true}]}}