{"id":5492,"date":"2025-06-24T10:33:39","date_gmt":"2025-06-24T13:33:39","guid":{"rendered":"https:\/\/radiobellavista.ar\/?page_id=5492"},"modified":"2025-06-25T10:17:00","modified_gmt":"2025-06-25T13:17:00","slug":"calendario-vacunacionxxxx","status":"publish","type":"page","link":"https:\/\/radiobellavista.ar\/?page_id=5492","title":{"rendered":"Calendario Vacunaci\u00f3n"},"content":{"rendered":"<div class=\"wp-block-group is-layout-constrained wp-block-group-is-layout-constrained\">\n<figure class=\"wp-block-table is-style-stripes\">\n<table class=\"has-fixed-layout\">\n<tbody>\n<tr>\n<td><mark class=\"has-inline-color has-vivid-cyan-blue-color\">RECI\u00c9N NACIDOS<\/mark><\/td>\n<td>HEPATITIS B<\/td>\n<\/tr>\n<tr>\n<td>\u00a0<\/td>\n<td>BCG <span style=\"color: #0000ff;\"><strong>(A)<\/strong><\/span><\/td>\n<\/tr>\n<\/tbody>\n<\/table>\n<\/figure>\n<\/div>\n<hr class=\"wp-block-separator has-alpha-channel-opacity\" \/>\n<figure class=\"wp-block-table is-style-stripes\">\n<table class=\"has-fixed-layout\">\n<tbody>\n<tr>\n<td><mark class=\"has-inline-color has-vivid-cyan-blue-color\">2 MESES<\/mark><\/td>\n<td>PENTAVALENTE <span style=\"color: #0000ff;\"><strong>(B-C-D-E-F)<\/strong><\/span><\/td>\n<\/tr>\n<tr>\n<td>\u00a0<\/td>\n<td>SALK <span style=\"color: #0000ff;\"><strong>(G)<\/strong><\/span><\/td>\n<\/tr>\n<tr>\n<td>\u00a0<\/td>\n<td>ANTINEUMOCOCCICA CONJUGADA <span style=\"color: #0000ff;\"><strong>(H)<\/strong><\/span><\/td>\n<\/tr>\n<tr>\n<td>\u00a0<\/td>\n<td>ROTAVIRUS <strong><span style=\"color: #0000ff;\">(I)<\/span><\/strong><\/td>\n<\/tr>\n<\/tbody>\n<\/table>\n<\/figure>\n<hr class=\"wp-block-separator has-alpha-channel-opacity\" \/>\n<figure class=\"wp-block-table is-style-stripes\">\n<table class=\"has-fixed-layout\">\n<tbody>\n<tr>\n<td><mark class=\"has-inline-color has-vivid-cyan-blue-color\">3 MESES<\/mark><\/td>\n<td>MENINGOCOCO ACYW<strong><span style=\"color: #0000ff;\"> (J)<\/span><\/strong><\/td>\n<\/tr>\n<\/tbody>\n<\/table>\n<\/figure>\n<hr class=\"wp-block-separator has-alpha-channel-opacity\" \/>\n<figure class=\"wp-block-table is-style-stripes\">\n<table class=\"has-fixed-layout\">\n<tbody>\n<tr>\n<td><mark class=\"has-inline-color has-vivid-cyan-blue-color\">4 MESES<\/mark><\/td>\n<td>PENTAVALENTE <strong><span style=\"color: #0000ff;\">(B-C-D-E-F)<\/span><\/strong><\/td>\n<\/tr>\n<tr>\n<td>\u00a0<\/td>\n<td>SALK <strong><span style=\"color: #0000ff;\">(G)<\/span><\/strong><\/td>\n<\/tr>\n<tr>\n<td>\u00a0<\/td>\n<td>ANTINEUMOCOCCICA CONJUGADA <strong><span style=\"color: #0000ff;\">(H)<\/span><\/strong><\/td>\n<\/tr>\n<tr>\n<td>\u00a0<\/td>\n<td>ROTAVIRUS <strong><span style=\"color: #0000ff;\">(I)<\/span><\/strong><\/td>\n<\/tr>\n<\/tbody>\n<\/table>\n<\/figure>\n<hr class=\"wp-block-separator has-alpha-channel-opacity\" \/>\n<figure class=\"wp-block-table is-style-stripes\">\n<table class=\"has-fixed-layout\">\n<tbody>\n<tr>\n<td><mark class=\"has-inline-color has-vivid-cyan-blue-color\">5 MESES<\/mark><\/td>\n<td>MENINGOCOCO ACYW <strong><span style=\"color: #0000ff;\">(J)<\/span><\/strong><\/td>\n<\/tr>\n<\/tbody>\n<\/table>\n<\/figure>\n<hr class=\"wp-block-separator has-alpha-channel-opacity\" \/>\n<figure class=\"wp-block-table is-style-stripes\">\n<table class=\"has-fixed-layout\" style=\"height: 172px;\" width=\"846\">\n<tbody>\n<tr>\n<td><mark class=\"has-inline-color has-vivid-cyan-blue-color\">6 MESES<\/mark><\/td>\n<td>PENTAVALENTE <strong><span style=\"color: #0000ff;\">(B-C-D-E-F)<\/span><\/strong><\/td>\n<\/tr>\n<tr>\n<td>\u00a0<\/td>\n<td>SALK <strong><span style=\"color: #0000ff;\">(G)<\/span><\/strong><\/td>\n<\/tr>\n<tr>\n<td>\u00a0<\/td>\n<td>ANTIGRIPAL 1\u00b0<\/td>\n<\/tr>\n<tr>\n<td>\u00a0<\/td>\n<td>ANTIGRIPAL 2\u00b0<\/td>\n<\/tr>\n<\/tbody>\n<\/table>\n<\/figure>\n<hr class=\"wp-block-separator has-alpha-channel-opacity\" \/>\n<figure class=\"wp-block-table is-style-stripes\">\n<table class=\"has-fixed-layout\">\n<tbody>\n<tr>\n<td><mark class=\"has-inline-color has-vivid-cyan-blue-color\">1 A\u00d1O<\/mark><\/td>\n<td>TRIPLE VIRAL <strong><span style=\"color: #0000ff;\">(K-L-M)<\/span><\/strong><\/td>\n<\/tr>\n<tr>\n<td>\u00a0<\/td>\n<td>HEPATITIS A<strong><span style=\"color: #0000ff;\"> (N)<\/span><\/strong><\/td>\n<\/tr>\n<tr>\n<td>\u00a0<\/td>\n<td>ANTINEUMOCOCCICA CONJUGADA<strong><span style=\"color: #0000ff;\"> (H)<\/span><\/strong><\/td>\n<\/tr>\n<\/tbody>\n<\/table>\n<\/figure>\n<hr class=\"wp-block-separator has-alpha-channel-opacity\" \/>\n<figure class=\"wp-block-table is-style-stripes\">\n<table class=\"has-fixed-layout\">\n<tbody>\n<tr>\n<td><mark class=\"has-inline-color has-vivid-cyan-blue-color\">15 MESES<\/mark><\/td>\n<td>VARICELA<strong><span style=\"color: #0000ff;\"> (O)<\/span><\/strong><\/td>\n<\/tr>\n<tr>\n<td>\u00a0<\/td>\n<td>MENINGOCOCO ACYW <strong><span style=\"color: #0000ff;\">(J)<\/span><\/strong><\/td>\n<\/tr>\n<\/tbody>\n<\/table>\n<\/figure>\n<hr class=\"wp-block-separator has-alpha-channel-opacity\" \/>\n<figure class=\"wp-block-table is-style-stripes\">\n<table class=\"has-fixed-layout\">\n<tbody>\n<tr>\n<td><mark class=\"has-inline-color has-vivid-cyan-blue-color\">18 MESES<\/mark><\/td>\n<td>PENTAVALENTE <strong><span style=\"color: #0000ff;\">(B-C-D-E-F)<\/span><\/strong><\/td>\n<\/tr>\n<tr>\n<td>\u00a0<\/td>\n<td>ANTIGRIPAL ANUAL<\/td>\n<\/tr>\n<\/tbody>\n<\/table>\n<\/figure>\n<hr class=\"wp-block-separator has-alpha-channel-opacity\" \/>\n<figure class=\"wp-block-table is-style-stripes\">\n<table class=\"has-fixed-layout\">\n<tbody>\n<tr>\n<td><mark class=\"has-inline-color has-vivid-cyan-blue-color\">INGRESO ESCOLAR 5-6 A\u00d1OS<\/mark><\/td>\n<td>TRIPLE BACTERIANA <strong><span style=\"color: #0000ff;\">(B-C-D)<\/span><\/strong><\/td>\n<\/tr>\n<tr>\n<td>\u00a0<\/td>\n<td>SALK <strong><span style=\"color: #0000ff;\">(G)<\/span><\/strong><\/td>\n<\/tr>\n<tr>\n<td>\u00a0<\/td>\n<td>TRIPLE VIRAL <strong><span style=\"color: #0000ff;\">(K-L-M)<\/span><\/strong><\/td>\n<\/tr>\n<tr>\n<td>\u00a0<\/td>\n<td>VARICELA<\/td>\n<\/tr>\n<\/tbody>\n<\/table>\n<\/figure>\n<hr class=\"wp-block-separator has-alpha-channel-opacity\" \/>\n<figure class=\"wp-block-table is-style-stripes\">\n<table class=\"has-fixed-layout\">\n<tbody>\n<tr>\n<td><mark class=\"has-inline-color has-vivid-cyan-blue-color\">11 A\u00d1OS<\/mark><\/td>\n<td>DPT ACELULAR <strong><span style=\"color: #0000ff;\">(P)<\/span><\/strong><\/td>\n<\/tr>\n<tr>\n<td>\u00a0<\/td>\n<td>MENINGOCOCO ACYW <strong><span style=\"color: #0000ff;\">(J)<\/span><\/strong><\/td>\n<\/tr>\n<tr>\n<td>\u00a0<\/td>\n<td>HPV <strong><span style=\"color: #0000ff;\">(Q)<\/span><\/strong><\/td>\n<\/tr>\n<\/tbody>\n<\/table>\n<\/figure>\n<hr class=\"wp-block-separator has-alpha-channel-opacity\" \/>\n<figure class=\"wp-block-table is-style-stripes\">\n<table class=\"has-fixed-layout\">\n<tbody>\n<tr>\n<td><mark class=\"has-inline-color has-vivid-cyan-blue-color\">EMBARAZO<\/mark><\/td>\n<td>ANTIGRIPAL<\/td>\n<\/tr>\n<tr>\n<td>\u00a0<\/td>\n<td>DPT ACELULAR<\/td>\n<\/tr>\n<tr>\n<td>\u00a0<\/td>\n<td>HEPATITIS B<\/td>\n<\/tr>\n<tr>\n<td>\u00a0<\/td>\n<td>VIRUS SINCICIAL RESPIRATORIO <strong><span style=\"color: #0000ff;\">(VSR)<\/span><\/strong> <em>UNICA DOSIS<\/em><\/td>\n<\/tr>\n<\/tbody>\n<\/table>\n<\/figure>\n<hr class=\"wp-block-separator has-alpha-channel-opacity\" \/>\n<div class=\"wp-block-group is-layout-constrained wp-block-group-is-layout-constrained\">\n<figure class=\"wp-block-table is-style-stripes\">\n<table class=\"has-fixed-layout\">\n<tbody>\n<tr>\n<td><mark class=\"has-inline-color has-vivid-cyan-blue-color\">OTROS GRUPOS DE RIESGO<\/mark><\/td>\n<td>ANTIGRIPAL<\/td>\n<\/tr>\n<tr>\n<td>\u00a0<\/td>\n<td>DOBLE BACTERIANA<\/td>\n<\/tr>\n<tr>\n<td>\u00a0<\/td>\n<td>HEPATITIS B<\/td>\n<\/tr>\n<tr>\n<td>\u00a0<\/td>\n<td>DOBLE VIRAL<\/td>\n<\/tr>\n<tr>\n<td>\u00a0<\/td>\n<td>NEUMOC\u00d3CCICA CONJUGADA<\/td>\n<\/tr>\n<\/tbody>\n<\/table>\n<\/figure>\n<\/div>\n<p><strong>REFERENCIAS<\/strong><\/p>\n<figure class=\"wp-block-table\">\n<table class=\"has-fixed-layout\">\n<tbody>\n<tr>\n<td><span style=\"color: #0000ff;\"><mark class=\"has-inline-color has-vivid-red-color\"><strong>A<\/strong><\/mark><\/span> ANTI TBC<\/td>\n<td><mark class=\"has-inline-color has-vivid-red-color\"><strong>G<\/strong><\/mark> ANTI POLIO INACTIVADA<\/td>\n<td><mark class=\"has-inline-color has-vivid-red-color\"><strong>M<\/strong><\/mark> ANTI PAROTIDITIS URLEANA<\/td>\n<\/tr>\n<tr>\n<td><span style=\"color: #0000ff;\"><mark class=\"has-inline-color has-vivid-red-color\"><strong>B<\/strong><\/mark><\/span> ANTITET\u00c1NICA<\/td>\n<td><mark class=\"has-inline-color has-vivid-red-color\"><strong>H<\/strong><\/mark> ANTI NEUMOCOCO<\/td>\n<td><mark class=\"has-inline-color has-vivid-red-color\"><strong>N<\/strong><\/mark> ANTI HEPATITIS A<\/td>\n<\/tr>\n<tr>\n<td><mark class=\"has-inline-color has-vivid-red-color\"><strong>C<\/strong><\/mark> ANTIDIFT\u00c9RICA<\/td>\n<td><mark class=\"has-inline-color has-vivid-red-color\"><strong>I<\/strong><\/mark> ANTI ROTAVIRUS<\/td>\n<td><mark class=\"has-inline-color has-vivid-red-color\"><strong>O<\/strong><\/mark> ANTI VARICELA<\/td>\n<\/tr>\n<tr>\n<td><mark class=\"has-inline-color has-vivid-red-color\"><strong>D<\/strong><\/mark> ANTI TOS CONVULSA<\/td>\n<td><mark class=\"has-inline-color has-vivid-red-color\"><strong>J<\/strong><\/mark> ANTI MENINGOCOCO<\/td>\n<td><mark class=\"has-inline-color has-vivid-red-color\"><strong>P<\/strong><\/mark> DPT ACELULAR ( B C D )<\/td>\n<\/tr>\n<tr>\n<td><mark class=\"has-inline-color has-vivid-red-color\"><strong>E<\/strong><\/mark> ANTI HAEMOPHILUS INFLUENZAE B<\/td>\n<td><mark class=\"has-inline-color has-vivid-red-color\"><strong>K<\/strong><\/mark> ANTI SARAMPIONOSA<\/td>\n<td><mark class=\"has-inline-color has-vivid-red-color\"><strong>Q<\/strong><\/mark> ANTI PAPILOMA VIRUS<\/td>\n<\/tr>\n<tr>\n<td><mark class=\"has-inline-color has-vivid-red-color\"><strong>F<\/strong><\/mark> ANTI HEPATITIS B<\/td>\n<td><mark class=\"has-inline-color has-vivid-red-color\"><strong>L<\/strong><\/mark> ANTI RUBE\u00d3LICA<\/td>\n<td>\u00a0<\/td>\n<\/tr>\n<\/tbody>\n<\/table>\n<\/figure>\n\n\n<p><\/p>\n","protected":false},"excerpt":{"rendered":"<p>RECI\u00c9N NACIDOS HEPATITIS B \u00a0 BCG (A) 2 MESES PENTAVALENTE (B-C-D-E-F) \u00a0 SALK (G) \u00a0 ANTINEUMOCOCCICA CONJUGADA (H) \u00a0 ROTAVIRUS (I) 3 MESES MENINGOCOCO ACYW (J) 4 MESES PENTAVALENTE (B-C-D-E-F) \u00a0 SALK (G) \u00a0 ANTINEUMOCOCCICA CONJUGADA (H) \u00a0 ROTAVIRUS (I) 5 MESES MENINGOCOCO ACYW (J) 6 MESES PENTAVALENTE (B-C-D-E-F) \u00a0 SALK (G) \u00a0 ANTIGRIPAL 1\u00b0 [&hellip;]<\/p>\n","protected":false},"author":1,"featured_media":0,"parent":4337,"menu_order":0,"comment_status":"closed","ping_status":"closed","template":"","meta":{"_eb_attr":"","advanced_seo_description":"","jetpack_seo_html_title":"","jetpack_seo_noindex":false,"_joinchat":[],"footnotes":""},"class_list":["post-5492","page","type-page","status-publish","hentry"],"jetpack_sharing_enabled":true,"jetpack-related-posts":[{"id":2890,"url":"https:\/\/radiobellavista.ar\/?page_id=2890","url_meta":{"origin":5492,"position":0},"title":"C\u00f3digo_Postales","author":"Administrador","date":"27 de septiembre de 2021","format":false,"excerpt":"<link rel=\"stylesheet\" href=\"https:\/\/dssdm2l6bhbrm.cloudfront.net\/cygn12\/CACHE\/css\/output.ea4f3775e979.css\" type=\"text\/css\" \/> Mapa, demograf\u00eda y m\u00e1s de C\u00f3digo Postal 1661 para Provincia de Buenos AiresEmpresaC\u00f3digo PostalDirecci\u00f3nTel\u00e9fonoWebE-mailEmpresaC\u00f3digo PostalDirecci\u00f3nTel\u00e9fonoSitio webE-mailEntrarMundo\u00a0\u00bb\u00a0AR\u00a0\u00bb\u00a01661C\u00f3digos Postales relacionados165016631664166516671669Ver m\u00e1sProvincia de Buenos AiresColocar datosC\u00f3digos PostalesC\u00f3digos de \u00c1reaArgentina\u00a0C\u00f3digos PostalesBuenos AiresProvincia de Buenos AiresProvincia de CatamarcaProvincia de C\u00f3rdoba (Argentina)Provincia de CorrientesProvincia de Entre R\u00edosProvincia de FormosaProvincia de JujuyProvincia\u2026","rel":"","context":"Entrada similar","block_context":{"text":"Entrada similar","link":""},"img":{"alt_text":"","src":"https:\/\/i0.wp.com\/dssdm2l6bhbrm.cloudfront.net\/cygn12\/img\/logo_reg.png?resize=350%2C200&ssl=1","width":350,"height":200},"classes":[]},{"id":5478,"url":"https:\/\/radiobellavista.ar\/?page_id=5478","url_meta":{"origin":5492,"position":1},"title":"Centros de Salud","author":"Administrador","date":"29 de mayo de 2025","format":false,"excerpt":"Centros de Salud El Centro de Salud es el primer contacto que toman las personas con el sistema de salud p\u00fablico y donde se efect\u00faan las primeras acciones de asistencia sanitaria. Sus servicios est\u00e1n adaptados a las necesidades de la comunidad de cada barrio en particular. Vacunatorios \u00a0 Efectores donde\u2026","rel":"","context":"Entrada similar","block_context":{"text":"Entrada similar","link":""},"img":{"alt_text":"","src":"","width":0,"height":0},"classes":[]}],"jetpack_shortlink":"https:\/\/wp.me\/PeQ3Wf-1qA","_links":{"self":[{"href":"https:\/\/radiobellavista.ar\/index.php?rest_route=\/wp\/v2\/pages\/5492","targetHints":{"allow":["GET"]}}],"collection":[{"href":"https:\/\/radiobellavista.ar\/index.php?rest_route=\/wp\/v2\/pages"}],"about":[{"href":"https:\/\/radiobellavista.ar\/index.php?rest_route=\/wp\/v2\/types\/page"}],"author":[{"embeddable":true,"href":"https:\/\/radiobellavista.ar\/index.php?rest_route=\/wp\/v2\/users\/1"}],"replies":[{"embeddable":true,"href":"https:\/\/radiobellavista.ar\/index.php?rest_route=%2Fwp%2Fv2%2Fcomments&post=5492"}],"version-history":[{"count":6,"href":"https:\/\/radiobellavista.ar\/index.php?rest_route=\/wp\/v2\/pages\/5492\/revisions"}],"predecessor-version":[{"id":5501,"href":"https:\/\/radiobellavista.ar\/index.php?rest_route=\/wp\/v2\/pages\/5492\/revisions\/5501"}],"up":[{"embeddable":true,"href":"https:\/\/radiobellavista.ar\/index.php?rest_route=\/wp\/v2\/pages\/4337"}],"wp:attachment":[{"href":"https:\/\/radiobellavista.ar\/index.php?rest_route=%2Fwp%2Fv2%2Fmedia&parent=5492"}],"curies":[{"name":"wp","href":"https:\/\/api.w.org\/{rel}","templated":true}]}}