{"id":4483,"date":"2024-04-08T13:40:37","date_gmt":"2024-04-08T16:40:37","guid":{"rendered":"https:\/\/radiobellavista.ar\/?page_id=4483"},"modified":"2024-04-08T13:40:37","modified_gmt":"2024-04-08T16:40:37","slug":"departamento-central-policia-federal-argentina","status":"publish","type":"page","link":"https:\/\/radiobellavista.ar\/?page_id=4483","title":{"rendered":"Departamento Central Polic\u00eda Federal Argentina"},"content":{"rendered":"<div class=\"wp-block-image\">\n<figure class=\"alignleft size-full is-resized\"><img data-recalc-dims=\"1\" decoding=\"async\" src=\"https:\/\/i0.wp.com\/radiobellavista.ar\/wp-content\/uploads\/2024\/04\/Cuartel_de_Policia_-_Buenos_Aires.jpg?w=656&#038;ssl=1\" alt=\"\" class=\"wp-image-4485\" style=\"width:136px;height:auto\"\/><\/figure>\n<\/div>\n\n\n<p>El edificio del Departamento Central de la Polic\u00eda Federal Argentina es la sede de ese cuerpo policial, situado en el barrio de Montserrat, perteneciente a la comuna 1 de la Ciudad Aut\u00f3noma de Buenos Aires, Argentina. <a href=\"https:\/\/es.wikipedia.org\/wiki\/Departamento_Central_de_la_Polic%C3%ADa_Federal_Argentina_(edificio)\"><\/a><\/p>\n\n\n\n<p><strong>Direcci\u00f3n:<\/strong> <em>Moreno 1502, C1093 Cdad. Aut\u00f3noma de Buenos Aires<\/em><\/p>\n\n\n\n<p><strong>Tel\u00e9fono:<\/strong> <a href=\"tel:0114370-5800\">011 4370-5800<\/a><\/p>\n","protected":false},"excerpt":{"rendered":"<p>El edificio del Departamento Central de la Polic\u00eda Federal Argentina es la sede de ese cuerpo policial, situado en el barrio de Montserrat, perteneciente a la comuna 1 de la Ciudad Aut\u00f3noma de Buenos Aires, Argentina. Direcci\u00f3n: Moreno 1502, C1093 Cdad. Aut\u00f3noma de Buenos Aires Tel\u00e9fono: 011 4370-5800<\/p>\n","protected":false},"author":1,"featured_media":0,"parent":4404,"menu_order":0,"comment_status":"closed","ping_status":"closed","template":"","meta":{"_eb_attr":"","advanced_seo_description":"","jetpack_seo_html_title":"","jetpack_seo_noindex":false,"_joinchat":[],"footnotes":""},"class_list":["post-4483","page","type-page","status-publish","hentry"],"jetpack_sharing_enabled":true,"jetpack-related-posts":[{"id":4410,"url":"https:\/\/radiobellavista.ar\/?page_id=4410","url_meta":{"origin":4483,"position":0},"title":"MALVINAS ARGENTINAS","author":"Administrador","date":"7 de abril de 2024","format":false,"excerpt":"DEPENDENCIATEL\u00c9FONODIRECCI\u00d3NComisar\u00eda Malvinas Argentinas 1\u00b0\u00a0\u00a002320 - 480171\/ 485600Jos\u00e9 de San Mart\u00edn N\u00b0 1674Grand Bourg, Malvinas Argentinas\u00a0Comisar\u00eda Malvinas Argentinas 2\u00b0\u00a0\u00a0011 - 44560198\/ 0227\/ 0053Perito Moreno N\u00b0 3181Los Polvorines, Malvinas Argentinas\u00a0\u00a0Comisar\u00eda Malvinas Argentinas 3\u00b0\u00a0\u00a002320 - 480260\/ 486191Ej\u00e9rcito de los Andes N\u00b0 2244Pablo Nogu\u00e9s, Malvinas Argentinas\u00a0Comisar\u00eda Malvinas Argentinas 4\u00b0\u00a0\u00a002320 - 491011\/ 495000Per\u00f3n N\u00b0 181Tortuguitas,\u2026","rel":"","context":"Entrada similar","block_context":{"text":"Entrada similar","link":""},"img":{"alt_text":"","src":"","width":0,"height":0},"classes":[]},{"id":5094,"url":"https:\/\/radiobellavista.ar\/?page_id=5094","url_meta":{"origin":4483,"position":1},"title":"D\u00eda del Perro en honor a Chonino","author":"Administrador","date":"22 de agosto de 2024","format":false,"excerpt":"[player id='5097'] Chonino fue un perro argentino de raza Ovejero Alem\u00e1n de pelo largo\u200b que perteneci\u00f3 a la Polic\u00eda Federal Argentina, recordado por ser el \u00fanico que muri\u00f3 en acci\u00f3n en toda la historia de la Fuerza, y que por su valent\u00eda y sacrificio se conmemora el \"D\u00eda Nacional del\u2026","rel":"","context":"Entrada similar","block_context":{"text":"Entrada similar","link":""},"img":{"alt_text":"","src":"https:\/\/i0.wp.com\/radiobellavista.ar\/wp-content\/uploads\/2024\/08\/chonino.png?resize=350%2C200&ssl=1","width":350,"height":200},"classes":[]},{"id":4402,"url":"https:\/\/radiobellavista.ar\/?page_id=4402","url_meta":{"origin":4483,"position":2},"title":"Polic\u00eda Bonaerense","author":"Administrador","date":"7 de abril de 2024","format":false,"excerpt":"Ministerio de Seguridad de la Provincia de Buenos AiresDirecci\u00f3n: Calle 2 entre Av. 51 y 53. La Plata, Buenos Aires- ArgentinaTel\u00e9fono: (+54) 221 429-3000","rel":"","context":"Entrada similar","block_context":{"text":"Entrada similar","link":""},"img":{"alt_text":"","src":"","width":0,"height":0},"classes":[]},{"id":5350,"url":"https:\/\/radiobellavista.ar\/?page_id=5350","url_meta":{"origin":4483,"position":3},"title":"Fiestas Patrias","author":"Administrador","date":"3 de febrero de 2025","format":false,"excerpt":"El 25 de Febrero de 1778, nace en Yapey\u00fa el General Jos\u00e9 de San Mart\u00edn.Libertador de Sud Am\u00e9rica, luch\u00f3 por la libertad de su pueblo y su continente, promovi\u00f3 la igualdad entre todas las razas y libert\u00f3 medio continente. Fue el m\u00e1ximo h\u00e9roe de nuestra independencia del Imperio Espa\u00f1ol. Este\u2026","rel":"","context":"Entrada similar","block_context":{"text":"Entrada similar","link":""},"img":{"alt_text":"","src":"","width":0,"height":0},"classes":[]},{"id":3065,"url":"https:\/\/radiobellavista.ar\/?page_id=3065","url_meta":{"origin":4483,"position":4},"title":"Todas las Noticias","author":"Administrador","date":"8 de noviembre de 2021","format":false,"excerpt":"Todas las Noticicias","rel":"","context":"Entrada similar","block_context":{"text":"Entrada similar","link":""},"img":{"alt_text":"","src":"https:\/\/i0.wp.com\/radiobellavista.ar\/wp-content\/uploads\/2024\/10\/telam.jpeg?resize=350%2C200&ssl=1","width":350,"height":200},"classes":[]},{"id":4542,"url":"https:\/\/radiobellavista.ar\/?page_id=4542","url_meta":{"origin":4483,"position":5},"title":"Bomberos Voluntarios","author":"Administrador","date":"9 de abril de 2024","format":false,"excerpt":"Bomberos Gral SarmientoAvenida Presidente Per\u00f3n 1644Guardia: 4664-2222Administraci\u00f3n: 4664-7032Jefatura: 4664-5779Destacamento 1Avenida Remigio Lopez 2551 - Tel: 25514455-2222 Bomberos Voluntarios de Jos\u00e9 C. PazDirecci\u00f3n: San Agust\u00edn 703, Jos\u00e9 C. PazTel\u00e9fono: 02320 42-2222whatsapp: 1156615900 Bomberos Voluntarios Los PolvorinesPerito Moreno 3502, Villa de Mayo Bomberos Voluntarios de Malvinas ArgentinasJ. C. Baroni N\u00ba 2684 Los\u2026","rel":"","context":"Entrada similar","block_context":{"text":"Entrada similar","link":""},"img":{"alt_text":"","src":"","width":0,"height":0},"classes":[]}],"jetpack_shortlink":"https:\/\/wp.me\/PeQ3Wf-1aj","_links":{"self":[{"href":"https:\/\/radiobellavista.ar\/index.php?rest_route=\/wp\/v2\/pages\/4483","targetHints":{"allow":["GET"]}}],"collection":[{"href":"https:\/\/radiobellavista.ar\/index.php?rest_route=\/wp\/v2\/pages"}],"about":[{"href":"https:\/\/radiobellavista.ar\/index.php?rest_route=\/wp\/v2\/types\/page"}],"author":[{"embeddable":true,"href":"https:\/\/radiobellavista.ar\/index.php?rest_route=\/wp\/v2\/users\/1"}],"replies":[{"embeddable":true,"href":"https:\/\/radiobellavista.ar\/index.php?rest_route=%2Fwp%2Fv2%2Fcomments&post=4483"}],"version-history":[{"count":0,"href":"https:\/\/radiobellavista.ar\/index.php?rest_route=\/wp\/v2\/pages\/4483\/revisions"}],"up":[{"embeddable":true,"href":"https:\/\/radiobellavista.ar\/index.php?rest_route=\/wp\/v2\/pages\/4404"}],"wp:attachment":[{"href":"https:\/\/radiobellavista.ar\/index.php?rest_route=%2Fwp%2Fv2%2Fmedia&parent=4483"}],"curies":[{"name":"wp","href":"https:\/\/api.w.org\/{rel}","templated":true}]}}