{"id":4480,"date":"2024-04-08T13:22:53","date_gmt":"2024-04-08T16:22:53","guid":{"rendered":"https:\/\/radiobellavista.ar\/?page_id=4480"},"modified":"2024-04-08T13:22:53","modified_gmt":"2024-04-08T16:22:53","slug":"delegaciones-buenos-aires-p-f-a","status":"publish","type":"page","link":"https:\/\/radiobellavista.ar\/?page_id=4480","title":{"rendered":"Delegaciones Buenos Aires  P.F.A"},"content":{"rendered":"\n<p><\/p>\n\n\n\n<figure class=\"wp-block-table is-style-stripes has-small-font-size\"><table class=\"has-black-color has-text-color has-background has-link-color has-fixed-layout\" style=\"background-color:#54ecf7\"><thead><tr><td><strong>Delegaci\u00f3n<\/strong><\/td><td><strong>Tel\u00e9fono<\/strong><\/td><td><strong>Correo electr\u00f3nico<\/strong><\/td><td><strong>Direcci\u00f3n<\/strong><\/td><\/tr><\/thead><tbody><tr><td>Pinamar<\/td><td>02293-428-219 \/ 02293-428-468<\/td><td>pinamar@policiafederal.gov.ar<\/td><td>De las Medusas 1609, Pinamar, Pcia. de Bs. As.<\/td><\/tr><tr><td>Mar del Plata<\/td><td>0223-451-7909 \/ 8863 0223-451-6425<\/td><td>del_mardelplata@policiafederal .gov.ar<\/td><td>Sarmiento 2551, Mar del Plata, Prov. de Bs. As.<\/td><\/tr><tr><td>Dolores<\/td><td>02245-440-822\/ 443-339<\/td><td>dolores@policiafederal.gov.ar<\/td><td>Castelli 174, Dolores, Prov. de Bs. As.<\/td><\/tr><tr><td>Bah\u00eda Blanca<\/td><td>0291-452-0050 \/ 0291-452-5397<\/td><td>del_bahiablanca@policiafederal. gov.ar<\/td><td>Rondeau 139, Bah\u00eda Blanca, Prov.de Bs. As.<\/td><\/tr><tr><td>Azul<\/td><td>02281-426-130\/ 02281-424-247<\/td><td><\/td><td>Belgrano 433, Azul, Prov. de Bs. As.<\/td><\/tr><tr><td>Pergamino<\/td><td>02477-428-412 \/ 02477-436-027<\/td><td>pergamino@policiafederal.gov.ar<\/td><td><strong>25 de Mayo 757, Pergamino, Pcia. de Bs. As.<\/strong><\/td><\/tr><tr><td>Tres de Febrero<\/td><td>4750-3296\/ 4587-5869\/70<\/td><td>del_3defebrero@policiafederal. gov.ar<\/td><td>Bonifacini 4765, Caseros, Prov. de Bs. As.<\/td><\/tr><tr><td>San Nicol\u00e1s<\/td><td>0336-442-4376 \/ 0336-442-2500\/2638<\/td><td>del_sannicolas@policiafederal. gov.ar<\/td><td>Carlos Pellegrini 320, San Nicol\u00e1s, Pcia. de Bs. As.<\/td><\/tr><tr><td>San Mart\u00edn<\/td><td>4753-0042 \/7520<\/td><td>del_sanmartin@policiafederal.gov.ar<\/td><td>Ram\u00f3n Carillo 2139, Gral San Mart\u00edn, Pcia. de Bs. As<\/td><\/tr><tr><td>San Isidro<\/td><td>4742- 8148 \/ 4747-6352<\/td><td>del_sanisidro@policiafederal.gov.ar<\/td><td>Moreno 348, San Isidro, Pcia. de Bs. As.<\/td><\/tr><tr><td>Mercedes<\/td><td>02324-420-180\/ 423-786<\/td><td>delegacionmercedes@policiafederal.gov.ar<\/td><td>Av. 29 N\u00b0 654, Mercedes, Pcia. de Bs. As.<\/td><\/tr><tr><td>Mor\u00f3n<\/td><td>4628-6633 \/ 7595<\/td><td>del_moron@policiafederal.gov.ar<\/td><td>Salta 377, Mor\u00f3n, Pcia. de Bs.As.<\/td><\/tr><tr><td>Lomas de Zamora<\/td><td>4243-1457 \/ 4244-4041<\/td><td>lomasdezamora@policiafederal. gov.ar<\/td><td>Boedo 864, Lomas de Zamora, Pcia. De Bs. As.<\/td><\/tr><tr><td>La Plata<\/td><td>0221-421-6409 \/ 0221-483-0011<\/td><td>delegacionlaplata@policiafederal.gov.ar<\/td><td>Calle 49 N\u00b0 1004, La Plata, Pcia. De Bs. As.<\/td><\/tr><tr><td>Jun\u00edn<\/td><td>02362-444-3429<\/td><td>delegacionjunin@policiafederal.gov.ar<\/td><td>Quintana 401, Junin, Pcia, de Bs. As.<\/td><\/tr><tr><td>25 de Mayo<\/td><td>02345-462-700 \/ 02345-463-335<\/td><td>25demayo@policiafederal.gov.ar<\/td><td>Calle 31, N\u00b0542, 25 de Mayo, Pcia. de Bs. As.<\/td><\/tr><tr><td>Tandil<\/td><td>02293-428-219 \/ 02293-428-468<\/td><td>tandil@policiafederal.gov.ar<\/td><td>Maip\u00fa 541, Tandil, Pcia. de Bs. As.<\/td><\/tr><tr><td>Avellaneda<\/td><td>011-4208-1087\/2035<\/td><td>del_avellaneda@policiafederal.gov.ar<\/td><td>Av. Hipolito Yrigoyen 1385, Avellaneda, Pcia. de Bs. As.<\/td><\/tr><tr><td>Chascom\u00fas<\/td><td>02241-423-172\/ 02241-425-379<\/td><td>subdel_chascomus@policiafederal.gov.ar<\/td><td>Av. Pedro Nicol\u00e1s Escribano 309, Chascom\u00fas, Pcia. de Bs. As.<\/td><\/tr><tr><td>Necochea<\/td><td>02262-423-397<\/td><td>necochea@policiafederal.gov.ar<\/td><td>Calle 67 nro. 1277, Necochea, Pcia. de Bs. As.<\/td><\/tr><tr><td>Olavarr\u00eda<\/td><td>0228-442-0809\/9701<\/td><td>subdelegacion_olavarria@policiafederal.gov.ar<\/td><td>Av. del Valle 3597, Olavarr\u00eda, Pcia. de Bs. As.<\/td><\/tr><\/tbody><\/table><\/figure>\n","protected":false},"excerpt":{"rendered":"<p>Delegaci\u00f3n Tel\u00e9fono Correo electr\u00f3nico Direcci\u00f3n Pinamar 02293-428-219 \/ 02293-428-468 pinamar@policiafederal.gov.ar De las Medusas 1609, Pinamar, Pcia. de Bs. As. Mar del Plata 0223-451-7909 \/ 8863 0223-451-6425 del_mardelplata@policiafederal .gov.ar Sarmiento 2551, Mar del Plata, Prov. de Bs. As. Dolores 02245-440-822\/ 443-339 dolores@policiafederal.gov.ar Castelli 174, Dolores, Prov. de Bs. As. Bah\u00eda Blanca 0291-452-0050 \/ 0291-452-5397 del_bahiablanca@policiafederal. gov.ar [&hellip;]<\/p>\n","protected":false},"author":1,"featured_media":0,"parent":4404,"menu_order":0,"comment_status":"closed","ping_status":"closed","template":"","meta":{"_eb_attr":"","advanced_seo_description":"","jetpack_seo_html_title":"","jetpack_seo_noindex":false,"_joinchat":[],"footnotes":""},"class_list":["post-4480","page","type-page","status-publish","hentry"],"jetpack_sharing_enabled":true,"jetpack-related-posts":[{"id":4536,"url":"https:\/\/radiobellavista.ar\/?page_id=4536","url_meta":{"origin":4480,"position":0},"title":"Noti Municipios Bs. As.","author":"Administrador","date":"8 de abril de 2024","format":false,"excerpt":"","rel":"","context":"Entrada similar","block_context":{"text":"Entrada similar","link":""},"img":{"alt_text":"","src":"","width":0,"height":0},"classes":[]}],"jetpack_shortlink":"https:\/\/wp.me\/PeQ3Wf-1ag","_links":{"self":[{"href":"https:\/\/radiobellavista.ar\/index.php?rest_route=\/wp\/v2\/pages\/4480","targetHints":{"allow":["GET"]}}],"collection":[{"href":"https:\/\/radiobellavista.ar\/index.php?rest_route=\/wp\/v2\/pages"}],"about":[{"href":"https:\/\/radiobellavista.ar\/index.php?rest_route=\/wp\/v2\/types\/page"}],"author":[{"embeddable":true,"href":"https:\/\/radiobellavista.ar\/index.php?rest_route=\/wp\/v2\/users\/1"}],"replies":[{"embeddable":true,"href":"https:\/\/radiobellavista.ar\/index.php?rest_route=%2Fwp%2Fv2%2Fcomments&post=4480"}],"version-history":[{"count":0,"href":"https:\/\/radiobellavista.ar\/index.php?rest_route=\/wp\/v2\/pages\/4480\/revisions"}],"up":[{"embeddable":true,"href":"https:\/\/radiobellavista.ar\/index.php?rest_route=\/wp\/v2\/pages\/4404"}],"wp:attachment":[{"href":"https:\/\/radiobellavista.ar\/index.php?rest_route=%2Fwp%2Fv2%2Fmedia&parent=4480"}],"curies":[{"name":"wp","href":"https:\/\/api.w.org\/{rel}","templated":true}]}}