{"id":4414,"date":"2024-04-07T23:43:36","date_gmt":"2024-04-08T02:43:36","guid":{"rendered":"https:\/\/radiobellavista.ar\/?page_id=4414"},"modified":"2024-04-07T23:43:36","modified_gmt":"2024-04-08T02:43:36","slug":"moreno","status":"publish","type":"page","link":"https:\/\/radiobellavista.ar\/?page_id=4414","title":{"rendered":"MORENO"},"content":{"rendered":"\n<figure class=\"wp-block-table is-style-stripes has-small-font-size\"><table class=\"has-black-color has-luminous-vivid-amber-to-luminous-vivid-orange-gradient-background has-text-color has-background has-link-color\"><tbody><tr><td><strong>DEPENDENCIA<\/strong><\/td><td><strong>TEL\u00c9FONO<\/strong><\/td><td><strong>DIRECCI\u00d3N<\/strong><\/td><\/tr><tr><td>Comisar\u00eda Moreno 1\u00b0&nbsp;<\/td><td>0237 &#8211; 4639030<\/td><td>Merlo N\u00b0 588Moreno&nbsp;<\/td><\/tr><tr><td>Comisar\u00eda Moreno 2\u00b0&nbsp;&nbsp;<\/td><td>0237 \u2013 4813885\/ 3171<\/td><td>Cervantes y Joaqu\u00edn V. Gonz\u00e1lez N\u00b0 1336Trujui, Moreno&nbsp;<\/td><\/tr><tr><td>Comisar\u00eda Moreno 3\u00b0&nbsp;&nbsp;<\/td><td>0237 \u2013 4632366\/ 4624398\/ 4636151<\/td><td>Zapiola y DastugueVilla Zapiola, Moreno<\/td><\/tr><tr><td>Comisar\u00eda Moreno 4\u00b0&nbsp;&nbsp;<\/td><td>02320 &#8211; 453697<\/td><td>Ruta 24 esquina GutembergCuartel V, Moreno<\/td><\/tr><tr><td>Comisar\u00eda Moreno 5\u00b0&nbsp;&nbsp;<\/td><td>0237 &#8211; 4636249&nbsp;<\/td><td>Alcorta N\u00b0 259Paso del Rey, Moreno&nbsp;&nbsp;<\/td><\/tr><tr><td>Comisar\u00eda Moreno 6\u00b0&nbsp;&nbsp;<\/td><td>0237 &#8211; 4871325<\/td><td>Plaza y S. de MayoFrancisco \u00c1lvarez, Moreno<\/td><\/tr><tr><td>Comisar\u00eda Moreno 7\u00b0<\/td><td>0237 &#8211; 4628186<\/td><td>Rub\u00e9n Dar\u00edo N\u00b0 74La Reja, Moreno<\/td><\/tr><tr><td>Comisar\u00eda Moreno 8\u00b0<\/td><td>0237 \u2013 4815205\/ 4610333<\/td><td>R. N. 23 y Roma, Manzana 7Las Catonas, Moreno<\/td><\/tr><\/tbody><\/table><\/figure>\n","protected":false},"excerpt":{"rendered":"<p>DEPENDENCIA TEL\u00c9FONO DIRECCI\u00d3N Comisar\u00eda Moreno 1\u00b0&nbsp; 0237 &#8211; 4639030 Merlo N\u00b0 588Moreno&nbsp; Comisar\u00eda Moreno 2\u00b0&nbsp;&nbsp; 0237 \u2013 4813885\/ 3171 Cervantes y Joaqu\u00edn V. Gonz\u00e1lez N\u00b0 1336Trujui, Moreno&nbsp; Comisar\u00eda Moreno 3\u00b0&nbsp;&nbsp; 0237 \u2013 4632366\/ 4624398\/ 4636151 Zapiola y DastugueVilla Zapiola, Moreno Comisar\u00eda Moreno 4\u00b0&nbsp;&nbsp; 02320 &#8211; 453697 Ruta 24 esquina GutembergCuartel V, Moreno Comisar\u00eda Moreno 5\u00b0&nbsp;&nbsp; [&hellip;]<\/p>\n","protected":false},"author":1,"featured_media":0,"parent":4402,"menu_order":0,"comment_status":"closed","ping_status":"closed","template":"","meta":{"_eb_attr":"","advanced_seo_description":"","jetpack_seo_html_title":"","jetpack_seo_noindex":false,"_joinchat":[],"footnotes":""},"class_list":["post-4414","page","type-page","status-publish","hentry"],"jetpack_sharing_enabled":true,"jetpack-related-posts":[{"id":4410,"url":"https:\/\/radiobellavista.ar\/?page_id=4410","url_meta":{"origin":4414,"position":0},"title":"MALVINAS ARGENTINAS","author":"Administrador","date":"7 de abril de 2024","format":false,"excerpt":"DEPENDENCIATEL\u00c9FONODIRECCI\u00d3NComisar\u00eda Malvinas Argentinas 1\u00b0\u00a0\u00a002320 - 480171\/ 485600Jos\u00e9 de San Mart\u00edn N\u00b0 1674Grand Bourg, Malvinas Argentinas\u00a0Comisar\u00eda Malvinas Argentinas 2\u00b0\u00a0\u00a0011 - 44560198\/ 0227\/ 0053Perito Moreno N\u00b0 3181Los Polvorines, Malvinas Argentinas\u00a0\u00a0Comisar\u00eda Malvinas Argentinas 3\u00b0\u00a0\u00a002320 - 480260\/ 486191Ej\u00e9rcito de los Andes N\u00b0 2244Pablo Nogu\u00e9s, Malvinas Argentinas\u00a0Comisar\u00eda Malvinas Argentinas 4\u00b0\u00a0\u00a002320 - 491011\/ 495000Per\u00f3n N\u00b0 181Tortuguitas,\u2026","rel":"","context":"Entrada similar","block_context":{"text":"Entrada similar","link":""},"img":{"alt_text":"","src":"","width":0,"height":0},"classes":[]},{"id":4406,"url":"https:\/\/radiobellavista.ar\/?page_id=4406","url_meta":{"origin":4414,"position":1},"title":"SAN MART\u00cdN","author":"Administrador","date":"7 de abril de 2024","format":false,"excerpt":"DEPENDENCIATEL\u00c9FONODIRECCI\u00d3NComisar\u00eda San Mart\u00edn 1\u00b0\u00a0\u00a0011 - 45126086\/ 6055\/ 6706\/ 6707Ricardo Balb\u00edn N\u00b0 2055San Mart\u00ednComisar\u00eda San Mart\u00edn 2\u00b0\u00a0\u00a0011 - 45125545\/ 46\/ 49Bvar. Ballester N\u00b0 140Villa Ballester, San Mart\u00ednComisar\u00eda San Mart\u00edn 3\u00b0\u00a0011 \u2013 45126093\/ 88\/ 6705Guido Spano N\u00b0 223Villa Lynch, San Mart\u00edn\u00a0Comisar\u00eda San Mart\u00edn 4\u00b0\u00a0\u00a0011 - 45801155\/ 1156\u00a0Av. M\u00e1rquez N\u00b0 400Jos\u00e9 Le\u00f3n Su\u00e1rez,\u2026","rel":"","context":"Entrada similar","block_context":{"text":"Entrada similar","link":""},"img":{"alt_text":"","src":"","width":0,"height":0},"classes":[]},{"id":4420,"url":"https:\/\/radiobellavista.ar\/?page_id=4420","url_meta":{"origin":4414,"position":2},"title":"HURLINGHAM","author":"Administrador","date":"7 de abril de 2024","format":false,"excerpt":"DEPENDENCIATEL\u00c9FONODIRECCI\u00d3NComisar\u00eda Hurlingham 1\u00b0 (Centro)\u00a0\u00a0011 - 46623333\/ 44528370Victoria N\u00b0 1321HurlinghamComisar\u00eda Hurlingham 2\u00b0\u00a0\u00a0011 - 44591910\/ 44596142\/ 44505192Vergara N\u00b0 2350Villa Tesei, HurlinghamComisar\u00eda Hurlingham 3\u00b0\u00a0\u00a0011 - 46658402Potos\u00ed N\u00b0 3490William C. Morris, HurlinghamComisar\u00eda Hurlingham 4\u00b0 (V. Mitre)\u00a0011 - 44598286\/ \u00a08226Langara y LebensohnVilla Tesei, Hurlingham","rel":"","context":"Entrada similar","block_context":{"text":"Entrada similar","link":""},"img":{"alt_text":"","src":"","width":0,"height":0},"classes":[]},{"id":4412,"url":"https:\/\/radiobellavista.ar\/?page_id=4412","url_meta":{"origin":4414,"position":3},"title":"MOR\u00d3N","author":"Administrador","date":"7 de abril de 2024","format":false,"excerpt":"DEPENDENCIATEL\u00c9FONODIRECCI\u00d3NComisar\u00eda Mor\u00f3n 1\u00b0 (Centro)\u00a0\u00a0011 - 46293333\/ 44893869Bartolom\u00e9 Mitre N\u00b0 939Mor\u00f3n\u00a0Comisar\u00eda Mor\u00f3n 2\u00b0\u00a0011 - 46594444\/ 3333Tacuar\u00ed N\u00b0 690Haedo, Mor\u00f3n\u00a0Norte, Mor\u00f3n\u00a0Comisar\u00eda Mor\u00f3n 3\u00b0\u00a0\u00a0011 - 46293344\/ \u00a04444Libertador N\u00b0 654 y RochaCastelar Sur, Mor\u00f3nComisar\u00eda Mor\u00f3n 4\u00b0\u00a0\u00a0011 - 46972944\/ \u00a06531Felipe Vallese N\u00b0 1079 y Avda. Eva Per\u00f3nGervasio Pav\u00f3n, Mor\u00f3nComisar\u00eda Mor\u00f3n 5\u00b0\u00a0\u00a0011 - 46580130\/ 46549841\/ 46560550\u00a0Tres\u2026","rel":"","context":"Entrada similar","block_context":{"text":"Entrada similar","link":""},"img":{"alt_text":"","src":"","width":0,"height":0},"classes":[]},{"id":4424,"url":"https:\/\/radiobellavista.ar\/?page_id=4424","url_meta":{"origin":4414,"position":4},"title":"ITUZAING\u00d3","author":"Administrador","date":"7 de abril de 2024","format":false,"excerpt":"DEPENDENCIATEL\u00c9FONODIRECCI\u00d3NComisar\u00eda Ituzaing\u00f3 1\u00b0\u00a0\u00a0011 - 46230795\/0842Olaz\u00e1bal N\u00b0 899Ituzaing\u00f3 \u00a0Comisar\u00eda Ituzaing\u00f3 2\u00b0\u00a0011 - 46244941\/ 46234423Lavalleja N\u00b0 750Villa Ariza, Ituzaing\u00f3Comisar\u00eda Ituzaing\u00f3 3\u00b0\u00a0\u00a0011 - 46210444\/ 3030Udaondo N\u00b0 2550 y La VidalitaLas Caba\u00f1as, Ituzaing\u00f3Comisar\u00eda Ituzaing\u00f3 4\u00b0\u00a0011 - 46210006\/ 44813299Pringles N\u00b0 2700 y PortugalSan Alberto, Ituzaing\u00f3","rel":"","context":"Entrada similar","block_context":{"text":"Entrada similar","link":""},"img":{"alt_text":"","src":"","width":0,"height":0},"classes":[]},{"id":4418,"url":"https:\/\/radiobellavista.ar\/?page_id=4418","url_meta":{"origin":4414,"position":5},"title":"MERLO","author":"Administrador","date":"7 de abril de 2024","format":false,"excerpt":"DEPENDENCIATEL\u00c9FONODIRECCI\u00d3NComisar\u00eda Merlo 1\u00b0\u00a0\u00a00220 - 4820028\/1113Libertador N\u00b0 368 y ChacabucoMerlo\u00a0Comisar\u00eda Merlo 2\u00b0\u00a0\u00a00220 - 4832222\/ 4852267Directorio N\u00b0 236 e\/ Chaco y ChubutSan Antonio de Padua, MerloComisar\u00eda Merlo 3\u00b0\u00a0\u00a00220 - 4808744\/6011San Mart\u00edn y MurrayParque San Mart\u00edn, MerloComisar\u00eda Merlo 4\u00b0\u00a0\u00a00220 - 4941214\/ 4970499Av. Morotti y ColombiaLibertad, MerloComisar\u00eda Merlo 5\u00b0\u00a0\u00a00220 - 4920222\/ 4922580\u00a0Paraje San Pablo\u2026","rel":"","context":"Entrada similar","block_context":{"text":"Entrada similar","link":""},"img":{"alt_text":"","src":"","width":0,"height":0},"classes":[]}],"jetpack_shortlink":"https:\/\/wp.me\/PeQ3Wf-19c","_links":{"self":[{"href":"https:\/\/radiobellavista.ar\/index.php?rest_route=\/wp\/v2\/pages\/4414","targetHints":{"allow":["GET"]}}],"collection":[{"href":"https:\/\/radiobellavista.ar\/index.php?rest_route=\/wp\/v2\/pages"}],"about":[{"href":"https:\/\/radiobellavista.ar\/index.php?rest_route=\/wp\/v2\/types\/page"}],"author":[{"embeddable":true,"href":"https:\/\/radiobellavista.ar\/index.php?rest_route=\/wp\/v2\/users\/1"}],"replies":[{"embeddable":true,"href":"https:\/\/radiobellavista.ar\/index.php?rest_route=%2Fwp%2Fv2%2Fcomments&post=4414"}],"version-history":[{"count":0,"href":"https:\/\/radiobellavista.ar\/index.php?rest_route=\/wp\/v2\/pages\/4414\/revisions"}],"up":[{"embeddable":true,"href":"https:\/\/radiobellavista.ar\/index.php?rest_route=\/wp\/v2\/pages\/4402"}],"wp:attachment":[{"href":"https:\/\/radiobellavista.ar\/index.php?rest_route=%2Fwp%2Fv2%2Fmedia&parent=4414"}],"curies":[{"name":"wp","href":"https:\/\/api.w.org\/{rel}","templated":true}]}}