{"id":4410,"date":"2024-04-07T23:40:18","date_gmt":"2024-04-08T02:40:18","guid":{"rendered":"https:\/\/radiobellavista.ar\/?page_id=4410"},"modified":"2024-04-07T23:40:18","modified_gmt":"2024-04-08T02:40:18","slug":"malvinas-argentinas","status":"publish","type":"page","link":"https:\/\/radiobellavista.ar\/?page_id=4410","title":{"rendered":"MALVINAS ARGENTINAS"},"content":{"rendered":"\n<figure class=\"wp-block-table is-style-stripes has-small-font-size\"><table class=\"has-luminous-vivid-amber-to-luminous-vivid-orange-gradient-background has-background\"><tbody><tr><td><strong>DEPENDENCIA<\/strong><\/td><td><strong>TEL\u00c9FONO<\/strong><\/td><td><strong>DIRECCI\u00d3N<\/strong><\/td><\/tr><tr><td>Comisar\u00eda Malvinas Argentinas 1\u00b0&nbsp;&nbsp;<\/td><td>02320 &#8211; 480171\/ 485600<\/td><td>Jos\u00e9 de San Mart\u00edn N\u00b0 1674Grand Bourg, Malvinas Argentinas&nbsp;<\/td><\/tr><tr><td>Comisar\u00eda Malvinas Argentinas 2\u00b0&nbsp;&nbsp;<\/td><td>011 &#8211; 44560198\/ 0227\/ 0053<\/td><td>Perito Moreno N\u00b0 3181Los Polvorines, Malvinas Argentinas&nbsp;&nbsp;<\/td><\/tr><tr><td>Comisar\u00eda Malvinas Argentinas 3\u00b0&nbsp;&nbsp;<\/td><td>02320 &#8211; 480260\/ 486191<\/td><td>Ej\u00e9rcito de los Andes N\u00b0 2244Pablo Nogu\u00e9s, Malvinas Argentinas&nbsp;<\/td><\/tr><tr><td>Comisar\u00eda Malvinas Argentinas 4\u00b0&nbsp;&nbsp;<\/td><td>02320 &#8211; 491011\/ 495000<\/td><td>Per\u00f3n N\u00b0 181Tortuguitas, Malvinas Argentinas&nbsp;<\/td><\/tr><\/tbody><\/table><\/figure>\n","protected":false},"excerpt":{"rendered":"<p>DEPENDENCIA TEL\u00c9FONO DIRECCI\u00d3N Comisar\u00eda Malvinas Argentinas 1\u00b0&nbsp;&nbsp; 02320 &#8211; 480171\/ 485600 Jos\u00e9 de San Mart\u00edn N\u00b0 1674Grand Bourg, Malvinas Argentinas&nbsp; Comisar\u00eda Malvinas Argentinas 2\u00b0&nbsp;&nbsp; 011 &#8211; 44560198\/ 0227\/ 0053 Perito Moreno N\u00b0 3181Los Polvorines, Malvinas Argentinas&nbsp;&nbsp; Comisar\u00eda Malvinas Argentinas 3\u00b0&nbsp;&nbsp; 02320 &#8211; 480260\/ 486191 Ej\u00e9rcito de los Andes N\u00b0 2244Pablo Nogu\u00e9s, Malvinas Argentinas&nbsp; Comisar\u00eda Malvinas [&hellip;]<\/p>\n","protected":false},"author":1,"featured_media":0,"parent":4402,"menu_order":0,"comment_status":"closed","ping_status":"closed","template":"","meta":{"_eb_attr":"","advanced_seo_description":"","jetpack_seo_html_title":"","jetpack_seo_noindex":false,"_joinchat":[],"footnotes":""},"class_list":["post-4410","page","type-page","status-publish","hentry"],"jetpack_sharing_enabled":true,"jetpack-related-posts":[{"id":5350,"url":"https:\/\/radiobellavista.ar\/?page_id=5350","url_meta":{"origin":4410,"position":0},"title":"Fiestas Patrias","author":"Administrador","date":"3 de febrero de 2025","format":false,"excerpt":"El 25 de Febrero de 1778, nace en Yapey\u00fa el General Jos\u00e9 de San Mart\u00edn.Libertador de Sud Am\u00e9rica, luch\u00f3 por la libertad de su pueblo y su continente, promovi\u00f3 la igualdad entre todas las razas y libert\u00f3 medio continente. Fue el m\u00e1ximo h\u00e9roe de nuestra independencia del Imperio Espa\u00f1ol. Este\u2026","rel":"","context":"Entrada similar","block_context":{"text":"Entrada similar","link":""},"img":{"alt_text":"","src":"","width":0,"height":0},"classes":[]},{"id":4542,"url":"https:\/\/radiobellavista.ar\/?page_id=4542","url_meta":{"origin":4410,"position":1},"title":"Bomberos Voluntarios","author":"Administrador","date":"9 de abril de 2024","format":false,"excerpt":"Bomberos Gral SarmientoAvenida Presidente Per\u00f3n 1644Guardia: 4664-2222Administraci\u00f3n: 4664-7032Jefatura: 4664-5779Destacamento 1Avenida Remigio Lopez 2551 - Tel: 25514455-2222 Bomberos Voluntarios de Jos\u00e9 C. PazDirecci\u00f3n: San Agust\u00edn 703, Jos\u00e9 C. PazTel\u00e9fono: 02320 42-2222whatsapp: 1156615900 Bomberos Voluntarios Los PolvorinesPerito Moreno 3502, Villa de Mayo Bomberos Voluntarios de Malvinas ArgentinasJ. C. Baroni N\u00ba 2684 Los\u2026","rel":"","context":"Entrada similar","block_context":{"text":"Entrada similar","link":""},"img":{"alt_text":"","src":"","width":0,"height":0},"classes":[]},{"id":5043,"url":"https:\/\/radiobellavista.ar\/?page_id=5043","url_meta":{"origin":4410,"position":2},"title":"Homenaje a Los H\u00e9roes de Malvinas","author":"Administrador","date":"22 de agosto de 2024","format":false,"excerpt":"[player id='5042']","rel":"","context":"Entrada similar","block_context":{"text":"Entrada similar","link":""},"img":{"alt_text":"","src":"https:\/\/i0.wp.com\/radiobellavista.ar\/wp-content\/uploads\/2024\/08\/malvinas.jpeg?resize=350%2C200&ssl=1","width":350,"height":200},"classes":[]},{"id":4483,"url":"https:\/\/radiobellavista.ar\/?page_id=4483","url_meta":{"origin":4410,"position":3},"title":"Departamento Central Polic\u00eda Federal Argentina","author":"Administrador","date":"8 de abril de 2024","format":false,"excerpt":"El edificio del Departamento Central de la Polic\u00eda Federal Argentina es la sede de ese cuerpo policial, situado en el barrio de Montserrat, perteneciente a la comuna 1 de la Ciudad Aut\u00f3noma de Buenos Aires, Argentina. Direcci\u00f3n: Moreno 1502, C1093 Cdad. Aut\u00f3noma de Buenos Aires Tel\u00e9fono: 011 4370-5800","rel":"","context":"Entrada similar","block_context":{"text":"Entrada similar","link":""},"img":{"alt_text":"","src":"","width":0,"height":0},"classes":[]},{"id":5094,"url":"https:\/\/radiobellavista.ar\/?page_id=5094","url_meta":{"origin":4410,"position":4},"title":"D\u00eda del Perro en honor a Chonino","author":"Administrador","date":"22 de agosto de 2024","format":false,"excerpt":"[player id='5097'] Chonino fue un perro argentino de raza Ovejero Alem\u00e1n de pelo largo\u200b que perteneci\u00f3 a la Polic\u00eda Federal Argentina, recordado por ser el \u00fanico que muri\u00f3 en acci\u00f3n en toda la historia de la Fuerza, y que por su valent\u00eda y sacrificio se conmemora el \"D\u00eda Nacional del\u2026","rel":"","context":"Entrada similar","block_context":{"text":"Entrada similar","link":""},"img":{"alt_text":"","src":"https:\/\/i0.wp.com\/radiobellavista.ar\/wp-content\/uploads\/2024\/08\/chonino.png?resize=350%2C200&ssl=1","width":350,"height":200},"classes":[]},{"id":4412,"url":"https:\/\/radiobellavista.ar\/?page_id=4412","url_meta":{"origin":4410,"position":5},"title":"MOR\u00d3N","author":"Administrador","date":"7 de abril de 2024","format":false,"excerpt":"DEPENDENCIATEL\u00c9FONODIRECCI\u00d3NComisar\u00eda Mor\u00f3n 1\u00b0 (Centro)\u00a0\u00a0011 - 46293333\/ 44893869Bartolom\u00e9 Mitre N\u00b0 939Mor\u00f3n\u00a0Comisar\u00eda Mor\u00f3n 2\u00b0\u00a0011 - 46594444\/ 3333Tacuar\u00ed N\u00b0 690Haedo, Mor\u00f3n\u00a0Norte, Mor\u00f3n\u00a0Comisar\u00eda Mor\u00f3n 3\u00b0\u00a0\u00a0011 - 46293344\/ \u00a04444Libertador N\u00b0 654 y RochaCastelar Sur, Mor\u00f3nComisar\u00eda Mor\u00f3n 4\u00b0\u00a0\u00a0011 - 46972944\/ \u00a06531Felipe Vallese N\u00b0 1079 y Avda. Eva Per\u00f3nGervasio Pav\u00f3n, Mor\u00f3nComisar\u00eda Mor\u00f3n 5\u00b0\u00a0\u00a0011 - 46580130\/ 46549841\/ 46560550\u00a0Tres\u2026","rel":"","context":"Entrada similar","block_context":{"text":"Entrada similar","link":""},"img":{"alt_text":"","src":"","width":0,"height":0},"classes":[]}],"jetpack_shortlink":"https:\/\/wp.me\/PeQ3Wf-198","_links":{"self":[{"href":"https:\/\/radiobellavista.ar\/index.php?rest_route=\/wp\/v2\/pages\/4410","targetHints":{"allow":["GET"]}}],"collection":[{"href":"https:\/\/radiobellavista.ar\/index.php?rest_route=\/wp\/v2\/pages"}],"about":[{"href":"https:\/\/radiobellavista.ar\/index.php?rest_route=\/wp\/v2\/types\/page"}],"author":[{"embeddable":true,"href":"https:\/\/radiobellavista.ar\/index.php?rest_route=\/wp\/v2\/users\/1"}],"replies":[{"embeddable":true,"href":"https:\/\/radiobellavista.ar\/index.php?rest_route=%2Fwp%2Fv2%2Fcomments&post=4410"}],"version-history":[{"count":0,"href":"https:\/\/radiobellavista.ar\/index.php?rest_route=\/wp\/v2\/pages\/4410\/revisions"}],"up":[{"embeddable":true,"href":"https:\/\/radiobellavista.ar\/index.php?rest_route=\/wp\/v2\/pages\/4402"}],"wp:attachment":[{"href":"https:\/\/radiobellavista.ar\/index.php?rest_route=%2Fwp%2Fv2%2Fmedia&parent=4410"}],"curies":[{"name":"wp","href":"https:\/\/api.w.org\/{rel}","templated":true}]}}