{"id":3579,"date":"2023-05-21T22:41:47","date_gmt":"2023-05-22T01:41:47","guid":{"rendered":"https:\/\/fmbellavista.com.ar\/?page_id=3579"},"modified":"2026-03-09T09:24:42","modified_gmt":"2026-03-09T12:24:42","slug":"escucha-la-radio","status":"publish","type":"page","link":"https:\/\/radiobellavista.ar\/?page_id=3579","title":{"rendered":"Escucha la Radio"},"content":{"rendered":"<div class=\"radio_player\" data-player-type=\"shortcode\" data-data=\"eyJpZCI6NSwidGl0bGUiOiJSYWRpb0JlbGxhVmlzdGEiLCJzdGlja3kiOiIiLCJzdGF0dXMiOnRydWUsInNraW4iOiJza2luOCIsInN0YXRpb25zIjpbeyJ0aXRsZSI6IlJhZGlvQmVsbGFWaXN0YSIsInN0cmVhbSI6Imh0dHA6XC9cL3JhZGlvYmVsbGF2aXN0YS5hcjo4MDAyIiwidGh1bWJuYWlsIjoiaHR0cHM6XC9cL3JhZGlvYmVsbGF2aXN0YS5hclwvd3AtY29udGVudFwvdXBsb2Fkc1wvMjAyNFwvMDdcL2xvZ28tcmFkaW8ucG5nIiwic291cmNlX3R5cGUiOiJzdHJlYW0ifV0sInBvcHVwX2ljb24iOnRydWUsInBsYXlsaXN0X2ljb24iOnRydWUsImhpc3RvcnlfaWNvbiI6dHJ1ZSwidm9sdW1lX2NvbnRyb2wiOnRydWUsInBsYXllcl9zdGF0dXMiOnRydWUsInNob3dfYXJ0aXN0Ijp0cnVlLCJzaG93X2FydHdvcmsiOnRydWUsInBsYXllcl90ZXh0IjoiTGlzdGVuIExpdmUiLCJ3aWR0aCI6MzUwLCJ3aWR0aF9tb2JpbGUiOjI5NSwiYm9yZGVyX3JhZGl1cyI6NTksImJnX2NvbG9yIjoibGluZWFyLWdyYWRpZW50KDE0My41M2RlZywgIzhEN0RGRSAxMS4xNiUsICM2RkI5RkYgOTQuMDclKSIsImJnX2ltYWdlIjoiaHR0cHM6XC9cL3JhZGlvYmVsbGF2aXN0YS5hclwvd3AtY29udGVudFwvcGx1Z2luc1wvcmFkaW8tcGxheWVyLXByZW1pdW1cL2Fzc2V0c1wvaW1hZ2VzXC9wbGF5ZXItYmcucG5nIiwiYmdfdHlwZSI6ImltYWdlIiwiY29sb3JfdHlwZSI6ImdyYWRpZW50IiwidGV4dF9jb2xvciI6IiNmZmYiLCJib3hfc2hhZG93Ijp0cnVlLCJib3hfc2hhZG93X2giOjEwLCJib3hfc2hhZG93X3YiOjEwLCJib3hfc2hhZG93X2JsdXIiOjMsImJveF9zaGFkb3dfc3ByZWFkIjotMywiYm94X3NoYWRvd19jb2xvciI6InJnYmEoMTAsIDM3LCA2NCwgMC4zNSkiLCJib3hfc2hhZG93X3R5cGUiOiIiLCJ3aWR0aF9kZXZpY2UiOiJkZXNrdG9wIiwic2hvd190aXRsZSI6dHJ1ZSwiZGlzcGxheVNjaGVkdWxlIjoiYWx3YXlzIiwiZGFpbHlUaW1lcyI6W3sic3RhcnRUaW1lIjoiMDA6MDAiLCJlbmRUaW1lIjoiMjM6NTkifV0sImF1dG9wbGF5Ijp0cnVlLCJmYWxsYmFja190aXRsZSI6IlJhZGlvQmVsbGFWaXN0YSBTaWVtcHJlIGNvbiBsYSBtYXNpY2EgcXVlIGEgdm9zIHRlIGd1c3RhIiwic2hvd19wcm9ncmVzc2JhciI6dHJ1ZX0=\"><\/div>\n\n\n\n<p><\/p>\n","protected":false},"excerpt":{"rendered":"","protected":false},"author":1,"featured_media":0,"parent":185,"menu_order":0,"comment_status":"closed","ping_status":"closed","template":"","meta":{"_eb_attr":"","advanced_seo_description":"","jetpack_seo_html_title":"","jetpack_seo_noindex":false,"_joinchat":[],"footnotes":""},"class_list":["post-3579","page","type-page","status-publish","hentry"],"jetpack_sharing_enabled":true,"jetpack-related-posts":[{"id":185,"url":"https:\/\/radiobellavista.ar\/?page_id=185","url_meta":{"origin":3579,"position":0},"title":"La Radio","author":"Administrador","date":"28 de septiembre de 2020","format":false,"excerpt":"Desde la Ciudad del Arbol con Toda la Musica que a Vos te Gusta","rel":"","context":"Entrada similar","block_context":{"text":"Entrada similar","link":""},"img":{"alt_text":"","src":"https:\/\/i0.wp.com\/www.appcreator24.com\/android-app-creator\/descargar_es.png?resize=350%2C200&ssl=1","width":350,"height":200},"classes":[]},{"id":3193,"url":"https:\/\/radiobellavista.ar\/?page_id=3193","url_meta":{"origin":3579,"position":1},"title":"Descarga La App","author":"Administrador","date":"25 de julio de 2022","format":false,"excerpt":"RadioBellaVista te acompa\u00f1a con toda la m\u00fasica que vos quer\u00e9s volver a escuchar Si Estas Manejando, No utilices el celular ni otros aparatos que causan distracci\u00f3n y tensi\u00f3n al conducir. Ser Responsable Evita Accidentes","rel":"","context":"Entrada similar","block_context":{"text":"Entrada similar","link":""},"img":{"alt_text":"","src":"","width":0,"height":0},"classes":[]},{"id":4768,"url":"https:\/\/radiobellavista.ar\/?page_id=4768","url_meta":{"origin":3579,"position":2},"title":"Nuestra Programaci\u00f3n","author":"Administrador","date":"19 de junio de 2024","format":false,"excerpt":"","rel":"","context":"Entrada similar","block_context":{"text":"Entrada similar","link":""},"img":{"alt_text":"","src":"","width":0,"height":0},"classes":[]},{"id":58,"url":"https:\/\/radiobellavista.ar\/?page_id=58","url_meta":{"origin":3579,"position":3},"title":"Auspiciantes","author":"Administrador","date":"11 de agosto de 2020","format":false,"excerpt":"Kiosco el AbueloDirecci\u00f3n: Cuenca 3047Villa Del Parque CABA Est\u00e9tica: Silvia Di BenedettoAv. Mattaldi 998 Bella VistaProvincia de Buenos AiresTel\u00e9fono: \u00a0\u00a0 011 4666-5744","rel":"","context":"Entrada similar","block_context":{"text":"Entrada similar","link":""},"img":{"alt_text":"","src":"https:\/\/i0.wp.com\/radiobellavista.ar\/wp-content\/uploads\/2024\/10\/kiosko-el-abuelo.jpg?resize=350%2C200&ssl=1","width":350,"height":200,"srcset":"https:\/\/i0.wp.com\/radiobellavista.ar\/wp-content\/uploads\/2024\/10\/kiosko-el-abuelo.jpg?resize=350%2C200&ssl=1 1x, https:\/\/i0.wp.com\/radiobellavista.ar\/wp-content\/uploads\/2024\/10\/kiosko-el-abuelo.jpg?resize=525%2C300&ssl=1 1.5x, https:\/\/i0.wp.com\/radiobellavista.ar\/wp-content\/uploads\/2024\/10\/kiosko-el-abuelo.jpg?resize=700%2C400&ssl=1 2x, https:\/\/i0.wp.com\/radiobellavista.ar\/wp-content\/uploads\/2024\/10\/kiosko-el-abuelo.jpg?resize=1050%2C600&ssl=1 3x"},"classes":[]},{"id":4851,"url":"https:\/\/radiobellavista.ar\/?page_id=4851","url_meta":{"origin":3579,"position":4},"title":"Chatea con Nosotros","author":"Administrador","date":"30 de julio de 2024","format":false,"excerpt":"Contanos de Donde Nos Estas Escuchando","rel":"","context":"Entrada similar","block_context":{"text":"Entrada similar","link":""},"img":{"alt_text":"","src":"","width":0,"height":0},"classes":[]},{"id":5048,"url":"https:\/\/radiobellavista.ar\/?page_id=5048","url_meta":{"origin":3579,"position":5},"title":"D\u00eda del Trabajador","author":"Administrador","date":"22 de agosto de 2024","format":false,"excerpt":"[player id='5047']","rel":"","context":"Entrada similar","block_context":{"text":"Entrada similar","link":""},"img":{"alt_text":"","src":"https:\/\/i0.wp.com\/radiobellavista.ar\/wp-content\/uploads\/2024\/08\/trabajador.jpeg?resize=350%2C200&ssl=1","width":350,"height":200},"classes":[]}],"jetpack_shortlink":"https:\/\/wp.me\/PeQ3Wf-VJ","_links":{"self":[{"href":"https:\/\/radiobellavista.ar\/index.php?rest_route=\/wp\/v2\/pages\/3579","targetHints":{"allow":["GET"]}}],"collection":[{"href":"https:\/\/radiobellavista.ar\/index.php?rest_route=\/wp\/v2\/pages"}],"about":[{"href":"https:\/\/radiobellavista.ar\/index.php?rest_route=\/wp\/v2\/types\/page"}],"author":[{"embeddable":true,"href":"https:\/\/radiobellavista.ar\/index.php?rest_route=\/wp\/v2\/users\/1"}],"replies":[{"embeddable":true,"href":"https:\/\/radiobellavista.ar\/index.php?rest_route=%2Fwp%2Fv2%2Fcomments&post=3579"}],"version-history":[{"count":11,"href":"https:\/\/radiobellavista.ar\/index.php?rest_route=\/wp\/v2\/pages\/3579\/revisions"}],"predecessor-version":[{"id":5635,"href":"https:\/\/radiobellavista.ar\/index.php?rest_route=\/wp\/v2\/pages\/3579\/revisions\/5635"}],"up":[{"embeddable":true,"href":"https:\/\/radiobellavista.ar\/index.php?rest_route=\/wp\/v2\/pages\/185"}],"wp:attachment":[{"href":"https:\/\/radiobellavista.ar\/index.php?rest_route=%2Fwp%2Fv2%2Fmedia&parent=3579"}],"curies":[{"name":"wp","href":"https:\/\/api.w.org\/{rel}","templated":true}]}}